{"id":110,"date":"2024-05-28T18:19:33","date_gmt":"2024-05-28T18:19:33","guid":{"rendered":"http:\/\/macbook-pro.local\/multipla\/quem-somos\/"},"modified":"2025-10-02T13:32:39","modified_gmt":"2025-10-02T13:32:39","slug":"quem-somos","status":"publish","type":"page","link":"http:\/\/multiplainvest.com.br\/en\/quem-somos\/","title":{"rendered":"Quem somos"},"content":{"rendered":"\n<h2 class=\"wp-block-heading\">Sobre a Multipla<\/h2>\n\n\n\n<p>A Multipla Investimentos \u00e9 uma gestora de ativos alternativos especializada na estrutura\u00e7\u00e3o completa de neg\u00f3cios, atuando desde a cria\u00e7\u00e3o de teses at\u00e9 a implementa\u00e7\u00e3o e gest\u00e3o de opera\u00e7\u00f5es. Unimos intelig\u00eancia estrat\u00e9gica, an\u00e1lise aprofundada e capacidade de origina\u00e7\u00e3o para transformar cen\u00e1rios complexos em solu\u00e7\u00f5es de alto valor.<\/p>\n\n\n\n<p>Com experi\u00eancia consolidada em mercados emergentes e setores em transforma\u00e7\u00e3o, participamos de opera\u00e7\u00f5es em diferentes classes de ativos, conectando capital a oportunidades que superam os modelos tradicionais. Nossa trajet\u00f3ria reflete a capacidade de identificar tend\u00eancias, antecipar movimentos e construir estrat\u00e9gias alinhadas \u00e0s din\u00e2micas econ\u00f4micas.<\/p>\n\n\n\n<p>Mais do que gerir recursos, estruturamos caminhos que potencializam o crescimento e entregam retornos consistentes ajustados ao risco, criando valor duradouro por meio de estrat\u00e9gias sob medida para nossos investidores e parceiros.<\/p>\n","protected":false},"excerpt":{"rendered":"<p>Sobre a Multipla A Multipla Investimentos \u00e9 uma gestora de ativos alternativos especializada na estrutura\u00e7\u00e3o completa de neg\u00f3cios, atuando desde a cria\u00e7\u00e3o de teses at\u00e9 a implementa\u00e7\u00e3o e gest\u00e3o de opera\u00e7\u00f5es. Unimos intelig\u00eancia estrat\u00e9gica, an\u00e1lise aprofundada e capacidade de origina\u00e7\u00e3o para transformar cen\u00e1rios complexos em solu\u00e7\u00f5es de alto valor. Com experi\u00eancia consolidada em mercados emergentes [&hellip;]<\/p>\n","protected":false},"author":1,"featured_media":0,"parent":0,"menu_order":0,"comment_status":"closed","ping_status":"closed","template":"template\/quem-somos.php","meta":{"inline_featured_image":false,"footnotes":""},"class_list":["post-110","page","type-page","status-publish","hentry"],"acf":[],"yoast_head":"<!-- This site is optimized with the Yoast SEO plugin v22.8 - https:\/\/yoast.com\/wordpress\/plugins\/seo\/ -->\n<title>Quem somos - Multipla<\/title>\n<meta name=\"robots\" content=\"index, follow, max-snippet:-1, max-image-preview:large, max-video-preview:-1\" \/>\n<link rel=\"canonical\" href=\"https:\/\/multiplainvest.com.br\/en\/quem-somos\/\" \/>\n<meta property=\"og:locale\" content=\"en_US\" \/>\n<meta property=\"og:type\" content=\"article\" \/>\n<meta property=\"og:title\" content=\"Quem somos - Multipla\" \/>\n<meta property=\"og:description\" content=\"Sobre a Multipla A Multipla Investimentos \u00e9 uma gestora de ativos alternativos especializada na estrutura\u00e7\u00e3o completa de neg\u00f3cios, atuando desde a cria\u00e7\u00e3o de teses at\u00e9 a implementa\u00e7\u00e3o e gest\u00e3o de opera\u00e7\u00f5es. Unimos intelig\u00eancia estrat\u00e9gica, an\u00e1lise aprofundada e capacidade de origina\u00e7\u00e3o para transformar cen\u00e1rios complexos em solu\u00e7\u00f5es de alto valor. Com experi\u00eancia consolidada em mercados emergentes [&hellip;]\" \/>\n<meta property=\"og:url\" content=\"https:\/\/multiplainvest.com.br\/en\/quem-somos\/\" \/>\n<meta property=\"og:site_name\" content=\"Multipla\" \/>\n<meta property=\"article:modified_time\" content=\"2025-10-02T13:32:39+00:00\" \/>\n<meta name=\"twitter:card\" content=\"summary_large_image\" \/>\n<meta name=\"twitter:label1\" content=\"Est. reading time\" \/>\n\t<meta name=\"twitter:data1\" content=\"1 minute\" \/>\n<script type=\"application\/ld+json\" class=\"yoast-schema-graph\">{\"@context\":\"https:\/\/schema.org\",\"@graph\":[{\"@type\":\"WebPage\",\"@id\":\"https:\/\/multiplainvest.com.br\/en\/quem-somos\/\",\"url\":\"https:\/\/multiplainvest.com.br\/en\/quem-somos\/\",\"name\":\"Quem somos - Multipla\",\"isPartOf\":{\"@id\":\"http:\/\/multiplainvest.com.br\/#website\"},\"datePublished\":\"2024-05-28T18:19:33+00:00\",\"dateModified\":\"2025-10-02T13:32:39+00:00\",\"breadcrumb\":{\"@id\":\"https:\/\/multiplainvest.com.br\/en\/quem-somos\/#breadcrumb\"},\"inLanguage\":\"en-US\",\"potentialAction\":[{\"@type\":\"ReadAction\",\"target\":[\"https:\/\/multiplainvest.com.br\/en\/quem-somos\/\"]}]},{\"@type\":\"BreadcrumbList\",\"@id\":\"https:\/\/multiplainvest.com.br\/en\/quem-somos\/#breadcrumb\",\"itemListElement\":[{\"@type\":\"ListItem\",\"position\":1,\"name\":\"In\u00edcio\",\"item\":\"http:\/\/multiplainvest.com.br\/en\/\"},{\"@type\":\"ListItem\",\"position\":2,\"name\":\"Quem somos\"}]},{\"@type\":\"WebSite\",\"@id\":\"http:\/\/multiplainvest.com.br\/#website\",\"url\":\"http:\/\/multiplainvest.com.br\/\",\"name\":\"Multipla\",\"description\":\"\",\"publisher\":{\"@id\":\"http:\/\/multiplainvest.com.br\/#organization\"},\"potentialAction\":[{\"@type\":\"SearchAction\",\"target\":{\"@type\":\"EntryPoint\",\"urlTemplate\":\"http:\/\/multiplainvest.com.br\/?s={search_term_string}\"},\"query-input\":\"required name=search_term_string\"}],\"inLanguage\":\"en-US\"},{\"@type\":\"Organization\",\"@id\":\"http:\/\/multiplainvest.com.br\/#organization\",\"name\":\"Multipla\",\"url\":\"http:\/\/multiplainvest.com.br\/\",\"logo\":{\"@type\":\"ImageObject\",\"inLanguage\":\"en-US\",\"@id\":\"http:\/\/multiplainvest.com.br\/#\/schema\/logo\/image\/\",\"url\":\"http:\/\/multiplainvest.com.br\/wp-content\/uploads\/2024\/06\/icon-2.svg\",\"contentUrl\":\"http:\/\/multiplainvest.com.br\/wp-content\/uploads\/2024\/06\/icon-2.svg\",\"width\":512,\"height\":512,\"caption\":\"Multipla\"},\"image\":{\"@id\":\"http:\/\/multiplainvest.com.br\/#\/schema\/logo\/image\/\"}}]}<\/script>\n<!-- \/ Yoast SEO plugin. -->","yoast_head_json":{"title":"Quem somos - Multipla","robots":{"index":"index","follow":"follow","max-snippet":"max-snippet:-1","max-image-preview":"max-image-preview:large","max-video-preview":"max-video-preview:-1"},"canonical":"https:\/\/multiplainvest.com.br\/en\/quem-somos\/","og_locale":"en_US","og_type":"article","og_title":"Quem somos - Multipla","og_description":"Sobre a Multipla A Multipla Investimentos \u00e9 uma gestora de ativos alternativos especializada na estrutura\u00e7\u00e3o completa de neg\u00f3cios, atuando desde a cria\u00e7\u00e3o de teses at\u00e9 a implementa\u00e7\u00e3o e gest\u00e3o de opera\u00e7\u00f5es. Unimos intelig\u00eancia estrat\u00e9gica, an\u00e1lise aprofundada e capacidade de origina\u00e7\u00e3o para transformar cen\u00e1rios complexos em solu\u00e7\u00f5es de alto valor. Com experi\u00eancia consolidada em mercados emergentes [&hellip;]","og_url":"https:\/\/multiplainvest.com.br\/en\/quem-somos\/","og_site_name":"Multipla","article_modified_time":"2025-10-02T13:32:39+00:00","twitter_card":"summary_large_image","twitter_misc":{"Est. reading time":"1 minute"},"schema":{"@context":"https:\/\/schema.org","@graph":[{"@type":"WebPage","@id":"https:\/\/multiplainvest.com.br\/en\/quem-somos\/","url":"https:\/\/multiplainvest.com.br\/en\/quem-somos\/","name":"Quem somos - Multipla","isPartOf":{"@id":"http:\/\/multiplainvest.com.br\/#website"},"datePublished":"2024-05-28T18:19:33+00:00","dateModified":"2025-10-02T13:32:39+00:00","breadcrumb":{"@id":"https:\/\/multiplainvest.com.br\/en\/quem-somos\/#breadcrumb"},"inLanguage":"en-US","potentialAction":[{"@type":"ReadAction","target":["https:\/\/multiplainvest.com.br\/en\/quem-somos\/"]}]},{"@type":"BreadcrumbList","@id":"https:\/\/multiplainvest.com.br\/en\/quem-somos\/#breadcrumb","itemListElement":[{"@type":"ListItem","position":1,"name":"In\u00edcio","item":"http:\/\/multiplainvest.com.br\/en\/"},{"@type":"ListItem","position":2,"name":"Quem somos"}]},{"@type":"WebSite","@id":"http:\/\/multiplainvest.com.br\/#website","url":"http:\/\/multiplainvest.com.br\/","name":"Multipla","description":"","publisher":{"@id":"http:\/\/multiplainvest.com.br\/#organization"},"potentialAction":[{"@type":"SearchAction","target":{"@type":"EntryPoint","urlTemplate":"http:\/\/multiplainvest.com.br\/?s={search_term_string}"},"query-input":"required name=search_term_string"}],"inLanguage":"en-US"},{"@type":"Organization","@id":"http:\/\/multiplainvest.com.br\/#organization","name":"Multipla","url":"http:\/\/multiplainvest.com.br\/","logo":{"@type":"ImageObject","inLanguage":"en-US","@id":"http:\/\/multiplainvest.com.br\/#\/schema\/logo\/image\/","url":"http:\/\/multiplainvest.com.br\/wp-content\/uploads\/2024\/06\/icon-2.svg","contentUrl":"http:\/\/multiplainvest.com.br\/wp-content\/uploads\/2024\/06\/icon-2.svg","width":512,"height":512,"caption":"Multipla"},"image":{"@id":"http:\/\/multiplainvest.com.br\/#\/schema\/logo\/image\/"}}]}},"_links":{"self":[{"href":"http:\/\/multiplainvest.com.br\/en\/wp-json\/wp\/v2\/pages\/110","targetHints":{"allow":["GET"]}}],"collection":[{"href":"http:\/\/multiplainvest.com.br\/en\/wp-json\/wp\/v2\/pages"}],"about":[{"href":"http:\/\/multiplainvest.com.br\/en\/wp-json\/wp\/v2\/types\/page"}],"author":[{"embeddable":true,"href":"http:\/\/multiplainvest.com.br\/en\/wp-json\/wp\/v2\/users\/1"}],"replies":[{"embeddable":true,"href":"http:\/\/multiplainvest.com.br\/en\/wp-json\/wp\/v2\/comments?post=110"}],"version-history":[{"count":11,"href":"http:\/\/multiplainvest.com.br\/en\/wp-json\/wp\/v2\/pages\/110\/revisions"}],"predecessor-version":[{"id":249,"href":"http:\/\/multiplainvest.com.br\/en\/wp-json\/wp\/v2\/pages\/110\/revisions\/249"}],"wp:attachment":[{"href":"http:\/\/multiplainvest.com.br\/en\/wp-json\/wp\/v2\/media?parent=110"}],"curies":[{"name":"wp","href":"https:\/\/api.w.org\/{rel}","templated":true}]}}